{"id":3394,"date":"2023-04-06T11:05:52","date_gmt":"2023-04-06T11:05:52","guid":{"rendered":"https:\/\/www.bostonlakecomo.it\/terms-of-service\/"},"modified":"2023-09-21T07:26:46","modified_gmt":"2023-09-21T07:26:46","slug":"termini-e-condizioni","status":"publish","type":"page","link":"https:\/\/www.bostonlakecomo.it\/it\/termini-e-condizioni\/","title":{"rendered":"Termini e condizioni"},"content":{"rendered":"\t\t<div data-elementor-type=\"wp-page\" data-elementor-id=\"3394\" class=\"elementor elementor-3394 elementor-2713\">\n\t\t\t\t\t\t<section class=\"elementor-section elementor-top-section elementor-element elementor-element-bbd6253 elementor-section-boxed elementor-section-height-default elementor-section-height-default\" data-id=\"bbd6253\" data-element_type=\"section\" data-e-type=\"section\">\n\t\t\t\t\t\t<div class=\"elementor-container elementor-column-gap-no\">\n\t\t\t\t\t<div class=\"elementor-column elementor-col-100 elementor-top-column elementor-element elementor-element-158720b\" data-id=\"158720b\" data-element_type=\"column\" data-e-type=\"column\">\n\t\t\t<div class=\"elementor-widget-wrap elementor-element-populated\">\n\t\t\t\t\t\t<div class=\"elementor-element elementor-element-503c31f elementor-widget__width-auto aleft elementor-widget elementor-widget-wgl-button\" data-id=\"503c31f\" data-element_type=\"widget\" data-e-type=\"widget\" data-widget_type=\"wgl-button.default\">\n\t\t\t\t<div class=\"elementor-widget-container\">\n\t\t\t\t\t<a  class=\"wgl-button btn-size-md \" role=\"button\" href=\"https:\/\/www.instagram.com\/\"><div class=\"button__content \"><span class=\"button__text\">Instagram<\/span><\/div><\/a>\t\t\t\t<\/div>\n\t\t\t\t<\/div>\n\t\t\t\t<div class=\"elementor-element elementor-element-40cbce4 elementor-widget elementor-widget-spacer\" data-id=\"40cbce4\" data-element_type=\"widget\" data-e-type=\"widget\" data-widget_type=\"spacer.default\">\n\t\t\t\t<div class=\"elementor-widget-container\">\n\t\t\t\t\t\t\t<div class=\"elementor-spacer\">\n\t\t\t<div class=\"elementor-spacer-inner\"><\/div>\n\t\t<\/div>\n\t\t\t\t\t\t<\/div>\n\t\t\t\t<\/div>\n\t\t\t\t\t<\/div>\n\t\t<\/div>\n\t\t\t\t\t<\/div>\n\t\t<\/section>\n\t\t\t\t<section class=\"elementor-section elementor-top-section elementor-element elementor-element-80b1556 elementor-section-boxed elementor-section-height-default elementor-section-height-default\" data-id=\"80b1556\" data-element_type=\"section\" data-e-type=\"section\">\n\t\t\t\t\t\t<div class=\"elementor-container elementor-column-gap-default\">\n\t\t\t\t\t<div class=\"elementor-column elementor-col-16 elementor-top-column elementor-element elementor-element-32e80bf\" data-id=\"32e80bf\" data-element_type=\"column\" data-e-type=\"column\">\n\t\t\t<div class=\"elementor-widget-wrap\">\n\t\t\t\t\t\t\t<\/div>\n\t\t<\/div>\n\t\t\t\t<div class=\"elementor-column elementor-col-66 elementor-top-column elementor-element elementor-element-6f530f1\" data-id=\"6f530f1\" data-element_type=\"column\" data-e-type=\"column\">\n\t\t\t<div class=\"elementor-widget-wrap elementor-element-populated\">\n\t\t\t\t\t\t<div class=\"elementor-element elementor-element-39e34d0 elementor-widget__width-initial divider-yes aleft elementor-widget elementor-widget-wgl-double-heading\" data-id=\"39e34d0\" data-element_type=\"widget\" data-e-type=\"widget\" data-widget_type=\"wgl-double-heading.default\">\n\t\t\t\t<div class=\"elementor-widget-container\">\n\t\t\t\t\t<div class=\"wgl-double-heading\"><div class=\"dblh__subtitle\">BOSTON LAKE COMO<\/div><h3 class=\"dblh__title-wrapper\"><span class=\"dblh__title dblh__title-1\"><h1>Termini e condizioni<\/h1><\/span><\/h3><\/div>\t\t\t\t<\/div>\n\t\t\t\t<\/div>\n\t\t\t\t<div class=\"elementor-element elementor-element-76eb343 elementor-widget elementor-widget-text-editor\" data-id=\"76eb343\" data-element_type=\"widget\" data-e-type=\"widget\" data-widget_type=\"text-editor.default\">\n\t\t\t\t<div class=\"elementor-widget-container\">\n\t\t\t\t\t\t\t\t\t<p><strong>Prenotazioni<\/strong><br \/>Il 50% del totale della prestazione sar\u00e0 scalato come deposito al momento della prenotazione. Pagherai il restante 50% prima della partenza. Metodi di pagamento: carta di credito\/debito (Visa, Mastercard, American Express, Diners), bonifico, paypal, contanti (solo euro).<\/p><p><strong><span data-sheets-value=\"{&quot;1&quot;:2,&quot;2&quot;:&quot;Cancellazione&quot;}\" data-sheets-userformat=\"{&quot;2&quot;:14337,&quot;3&quot;:{&quot;1&quot;:0,&quot;3&quot;:1},&quot;14&quot;:{&quot;1&quot;:2,&quot;2&quot;:16711680},&quot;15&quot;:&quot;Calibri&quot;,&quot;16&quot;:11}\">Cancellazione<\/span><\/strong><\/p><ul><li>Se cancelli entro 30 giorni dalla partenza, ti ridaremo l&#8217;intero ammontare del deposito.<\/li><li>Se cancelli entro 15 giorni dalla partenza, ti ridaremo il 50% del deposito.<\/li><li>Se cancelli il giorno stesso o entro 14 giorni dalla partenza, non riceverai alcun rimborso del deposito versato.<\/li><li>Il rimborso verr\u00e0 emesso entro 15 giorni lavorativi. Al rimborso saranno applicate le spese richieste dalla banca.<\/li><li>Se non ti presenti all&#8217;appuntamento, dovrai pagare l&#8217;intero ammontare del servizio. Se cancelli nel giorno fissato per il tour, ti addebiteremo l&#8217;intero costo.<\/li><li>Qualora decidessi di ridurre le ore di navigazione rispetto a quanto concordato, il prezzo, che ti sar\u00e0 addebitato, rimarr\u00e0 quello della prenotazione originaria. Nel caso decidessi di aumentare le ore del tour, in base alla disponibilit\u00e0, ti sar\u00e0 addebitato un extra direttamente dal capitano, secondo i prezzi pubblicati sul sito. Nel caso decidessi di modificare la durata del tour entro le 48 ore dalla partenza, ti verr\u00e0 addebitato l&#8217;importo sulla base dei prezzi pubblicati.<\/li><\/ul><p><strong>Ritardo<\/strong><\/p><ul><li>Se sei in ritardo il giorno del tour, mandaci un whatsapp o chiamaci. Cercheremo di fare il possibile per trovare una soluzione per averti a bordo.<\/li><li>Il capitano pu\u00f2, a sua discrezione, cancellare il tour nel caso di un ritardo che superi i 15 minuti. Nel caso tu riesca comunque a salire a bordo, non potrai recuperare il ritardo e ti saranno addebitate le ore prenotate.<\/li><li>Potrebbe succedere che, a causa di condizioni meteorologiche avverse o di cause eccezionali, il tour venga ritardato. In tal caso, il capitano ti informer\u00e0 della modifica di orario entro 30 minuti dall\u2019appuntamento. Se il ritardo sar\u00e0 di massimo 15 minuti, potrai godere del tour come da programma. In caso contrario, potrai decidere con il capitano per una soluzione differente, in base alla disponibilit\u00e0.<\/li><\/ul><p><strong><span data-sheets-value=\"{&quot;1&quot;:2,&quot;2&quot;:&quot;Condizioni atmosferiche&quot;}\" data-sheets-userformat=\"{&quot;2&quot;:14337,&quot;3&quot;:{&quot;1&quot;:0,&quot;3&quot;:1},&quot;14&quot;:{&quot;1&quot;:2,&quot;2&quot;:16711680},&quot;15&quot;:&quot;Calibri&quot;,&quot;16&quot;:11}\">Condizioni atmosferiche<\/span><\/strong><\/p><ul><li>In caso di cancellazione del tour per condizioni atmosferiche avverse o per altri imprevisti, riceverai il rimborso completo.<\/li><li>Se le condizioni atmosferiche non permettono la navigazione, faremo del nostro meglio per riprogrammare il tuo tour in un giorno o ora differenti. In caso questo non sia possibile, riceverai un rimborso.<\/li><li>Se le condizioni atmosferiche permettono la navigazione, ma tu hai necessit\u00e0 di cancellare il tour per una ragione diversa, non riceverai alcun rimborso e ti sar\u00e0 addebitato l\u2019intero costo del servizio.<\/li><li>In caso si presentassero problemi tecnici o situazioni non prevedibili, faremo del nostro meglio per riprogrammare il tuo tour in un giorno o ora differenti. In caso questo non sia possibile, riceverai un rimborso.<\/li><\/ul><p><strong><span data-sheets-value=\"{&quot;1&quot;:2,&quot;2&quot;:&quot;Danni&quot;}\" data-sheets-userformat=\"{&quot;2&quot;:14337,&quot;3&quot;:{&quot;1&quot;:0,&quot;3&quot;:1},&quot;14&quot;:{&quot;1&quot;:2,&quot;2&quot;:16711680},&quot;15&quot;:&quot;Calibri&quot;,&quot;16&quot;:11}\">Danni<\/span><\/strong><\/p><p>Troverai una barca pulita e accogliente per te e per i tuoi ospiti. Pertanto, in caso vengano causati danni alla barca o questa venga sporcata in modo eccessivo, ti verr\u00e0 addebitato un costo aggiuntivo per riparare il danno o per pulire la barca.<\/p><p><strong>Salute<\/strong><\/p><ul><li>Se soffri di mal di mare, potresti avere lo stesso problema sul lago. Se durante la navigazione non ti senti bene, fallo presente al capitano. Faremo in modo di fermarci, cambiare rotta o velocit\u00e0, per far s\u00ec che tu stia meglio. Se sei d\u2019accordo, il capitano ti pu\u00f2 indicare alcune soluzioni contro il mal di mare. Se chiedi al capitano di terminare il tour a causa del mal di mare, non otterrai alcun rimborso.<\/li><li>Puoi nuotare sotto la tua responsabilit\u00e0. \u00c8 altamente raccomandato di non entrare in acqua prima delle due successive al pasto. Sul tuo ingresso in acqua, non ci assumiamo alcuna responsabilit\u00e0.<\/li><li>Se tu o uno dei tuoi ospiti avete problemi di salute, informate in anticipo il capitano.<\/li><\/ul><p><strong>Altro<\/strong><\/p><ul><li>\u00c8 assolutamente proibito portare a bordo qualsiasi tipo di droga o di sostanza illegale.<\/li><li>Ci riserviamo il diritto di non imbarcarti, o di non imbarcare qualsiasi membro del tuo gruppo, nel caso di persona ubriaca, sotto l&#8217;effetto di droga o non nelle condizioni idonee. In tal caso, non riceverai alcun rimborso.<\/li><li>Oltre le 6 persone il prezzo sar\u00e0 maggiorato di 50\u20ac all&#8217;ora<\/li><\/ul>\t\t\t\t\t\t\t\t<\/div>\n\t\t\t\t<\/div>\n\t\t\t\t\t<\/div>\n\t\t<\/div>\n\t\t\t\t<div class=\"elementor-column elementor-col-16 elementor-top-column elementor-element elementor-element-47e6103\" data-id=\"47e6103\" data-element_type=\"column\" data-e-type=\"column\">\n\t\t\t<div class=\"elementor-widget-wrap\">\n\t\t\t\t\t\t\t<\/div>\n\t\t<\/div>\n\t\t\t\t\t<\/div>\n\t\t<\/section>\n\t\t\t\t<section class=\"elementor-section elementor-top-section elementor-element elementor-element-644a4da2 elementor-section-boxed elementor-section-height-default elementor-section-height-default\" data-id=\"644a4da2\" data-element_type=\"section\" data-e-type=\"section\" id=\"book-now\">\n\t\t\t\t\t\t<div class=\"elementor-container elementor-column-gap-default\">\n\t\t\t\t\t<div class=\"elementor-column elementor-col-100 elementor-top-column elementor-element elementor-element-6116f1a1\" data-id=\"6116f1a1\" data-element_type=\"column\" data-e-type=\"column\" data-settings=\"{&quot;background_background&quot;:&quot;classic&quot;}\">\n\t\t\t<div class=\"elementor-widget-wrap elementor-element-populated\">\n\t\t\t\t\t\t<div class=\"elementor-element elementor-element-ceecac3 elementor-widget elementor-widget-spacer\" data-id=\"ceecac3\" data-element_type=\"widget\" data-e-type=\"widget\" data-widget_type=\"spacer.default\">\n\t\t\t\t<div class=\"elementor-widget-container\">\n\t\t\t\t\t\t\t<div class=\"elementor-spacer\">\n\t\t\t<div class=\"elementor-spacer-inner\"><\/div>\n\t\t<\/div>\n\t\t\t\t\t\t<\/div>\n\t\t\t\t<\/div>\n\t\t\t\t<div class=\"elementor-element elementor-element-4e5035a8 elementor-widget__width-initial elementor-widget-tablet__width-inherit aleft elementor-widget elementor-widget-wgl-double-heading\" data-id=\"4e5035a8\" data-element_type=\"widget\" data-e-type=\"widget\" data-widget_type=\"wgl-double-heading.default\">\n\t\t\t\t<div class=\"elementor-widget-container\">\n\t\t\t\t\t<div class=\"wgl-double-heading\"><div class=\"dblh__subtitle\">INFO & prenotazioni<\/div><h2 class=\"dblh__title-wrapper\"><span class=\"dblh__title dblh__title-1\">Prenota il tuo tour<\/span><\/h2><div class=\"dblh__content\"><p>Il tuo indirizzo email non sar\u00e0 visibile. Le informazioni obbligatorie sono contrassegnate con *<\/p><\/div><\/div>\t\t\t\t<\/div>\n\t\t\t\t<\/div>\n\t\t\t\t<div class=\"elementor-element elementor-element-57eef202 aleft elementor-widget elementor-widget-wgl-contact-form-7\" data-id=\"57eef202\" data-element_type=\"widget\" data-e-type=\"widget\" data-widget_type=\"wgl-contact-form-7.default\">\n\t\t\t\t<div class=\"elementor-widget-container\">\n\t\t\t\t\t<div class=\"wgl-contact-form-7\">\n<div class=\"wpcf7 no-js\" id=\"wpcf7-f3690-o1\" lang=\"en-US\" dir=\"ltr\" data-wpcf7-id=\"3690\">\n<div class=\"screen-reader-response\"><p role=\"status\" aria-live=\"polite\" aria-atomic=\"true\"><\/p> <ul><\/ul><\/div>\n<form action=\"\/it\/wp-json\/wp\/v2\/pages\/3394#wpcf7-f3690-o1\" method=\"post\" class=\"wpcf7-form init\" aria-label=\"Modulo di contatto\" novalidate=\"novalidate\" data-status=\"init\">\n<fieldset class=\"hidden-fields-container\"><input type=\"hidden\" name=\"_wpcf7\" value=\"3690\" \/><input type=\"hidden\" name=\"_wpcf7_version\" value=\"6.1.5\" \/><input type=\"hidden\" name=\"_wpcf7_locale\" value=\"en_US\" \/><input type=\"hidden\" name=\"_wpcf7_unit_tag\" value=\"wpcf7-f3690-o1\" \/><input type=\"hidden\" name=\"_wpcf7_container_post\" value=\"0\" \/><input type=\"hidden\" name=\"_wpcf7_posted_data_hash\" value=\"\" \/><input type=\"hidden\" name=\"_wpcf7_recaptcha_response\" value=\"\" \/>\n<\/fieldset>\n<div class='row'>\n<div class='wgl_col-4'>\n<span class=\"wpcf7-form-control-wrap\" data-name=\"label-name\"><input size=\"40\" maxlength=\"400\" class=\"wpcf7-form-control wpcf7-text wpcf7-validates-as-required\" aria-required=\"true\" aria-invalid=\"false\" placeholder=\"Nome*\" value=\"\" type=\"text\" name=\"label-name\" \/><\/span>\n<\/div>\n<div class='wgl_col-4'>\n<span class=\"wpcf7-form-control-wrap\" data-name=\"label-email\"><input size=\"40\" maxlength=\"400\" class=\"wpcf7-form-control wpcf7-email wpcf7-validates-as-required wpcf7-text wpcf7-validates-as-email\" aria-required=\"true\" aria-invalid=\"false\" placeholder=\"E-mail*\" value=\"\" type=\"email\" name=\"label-email\" \/><\/span>\n<\/div>\n<div class='wgl_col-4'>\n<span class=\"wpcf7-form-control-wrap\" data-name=\"label-phone\"><input size=\"40\" maxlength=\"400\" class=\"wpcf7-form-control wpcf7-tel wpcf7-validates-as-required wpcf7-text wpcf7-validates-as-tel\" aria-required=\"true\" aria-invalid=\"false\" placeholder=\"Telefono*\" value=\"\" type=\"tel\" name=\"label-phone\" \/><\/span>\n<\/div>\n\n<div class='wgl_col-12'>\n<span class=\"wpcf7-form-control-wrap\" data-name=\"label-textarea\"><textarea cols=\"40\" rows=\"10\" maxlength=\"2000\" class=\"wpcf7-form-control wpcf7-textarea\" aria-invalid=\"false\" placeholder=\"La tua richiesta\" name=\"label-textarea\"><\/textarea><\/span>\n<\/div>\n<div class='wgl_col-12'>\n<span class=\"wpcf7-form-control-wrap\" data-name=\"privacy\"><span class=\"wpcf7-form-control wpcf7-acceptance\"><span class=\"wpcf7-list-item\"><label><input type=\"checkbox\" name=\"privacy\" value=\"1\" aria-invalid=\"false\" \/><span class=\"wpcf7-list-item-label\">Con la compilazione del modulo autorizzo il trattamento dei dati, come indicato nell'informativa sulla <a href=\"https:\/\/www.bostonlakecomo.it\/privacy-policy\/\">privacy policy<\/a><\/span><\/label><\/span><\/span><\/span>\n<\/div>\n<div class='wgl_col-12'>\n<input class=\"wpcf7-form-control wpcf7-submit has-spinner\" type=\"submit\" value=\"INVIA LA RICHIESTA\" \/>\n<\/div>\n<\/div><div class=\"wpcf7-response-output\" aria-hidden=\"true\"><\/div>\n<\/form>\n<\/div>\n<\/div>\t\t\t\t<\/div>\n\t\t\t\t<\/div>\n\t\t\t\t\t<\/div>\n\t\t<\/div>\n\t\t\t\t\t<\/div>\n\t\t<\/section>\n\t\t\t\t<\/div>\n\t\t","protected":false},"excerpt":{"rendered":"<p>Instagram BOSTON LAKE COMO Termini e condizioni PrenotazioniIl 50% del totale della prestazione sar\u00e0 scalato come deposito al momento della prenotazione. Pagherai il restante 50% prima della partenza. Metodi di pagamento: carta di credito\/debito (Visa, Mastercard, American Express, Diners), bonifico, paypal, contanti (solo euro). Cancellazione Se cancelli entro 30 giorni dalla partenza, ti ridaremo l&#8217;intero [&hellip;]<\/p>\n","protected":false},"author":2,"featured_media":0,"parent":0,"menu_order":0,"comment_status":"closed","ping_status":"closed","template":"","meta":{"footnotes":""},"class_list":["post-3394","page","type-page","status-publish","hentry"],"yoast_head":"<!-- This site is optimized with the Yoast SEO plugin v27.4 - https:\/\/yoast.com\/product\/yoast-seo-wordpress\/ -->\n<title>Termini e condizioni - Boston Lake Como<\/title>\n<meta name=\"description\" content=\"Visita il lago di Como scegliendo un tour sul nostro Boston Whaler. Scopri gli angoli nascosti e le meravigliose ville. Fino a 10 persone\" \/>\n<meta name=\"robots\" content=\"index, follow, max-snippet:-1, max-image-preview:large, max-video-preview:-1\" \/>\n<link rel=\"canonical\" href=\"https:\/\/www.bostonlakecomo.it\/it\/termini-e-condizioni\/\" \/>\n<meta property=\"og:locale\" content=\"it_IT\" \/>\n<meta property=\"og:type\" content=\"article\" \/>\n<meta property=\"og:title\" content=\"Termini e condizioni - Boston Lake Como\" \/>\n<meta property=\"og:description\" content=\"Visita il lago di Como scegliendo un tour sul nostro Boston Whaler. Scopri gli angoli nascosti e le meravigliose ville. Fino a 10 persone\" \/>\n<meta property=\"og:url\" content=\"https:\/\/www.bostonlakecomo.it\/it\/termini-e-condizioni\/\" \/>\n<meta property=\"og:site_name\" content=\"Boston Lake Como\" \/>\n<meta property=\"article:modified_time\" content=\"2023-09-21T07:26:46+00:00\" \/>\n<meta property=\"og:image\" content=\"https:\/\/www.bostonlakecomo.it\/wp-content\/uploads\/2023\/03\/BARCA-CHARTER-GIO_01970-scaled.jpg\" \/>\n\t<meta property=\"og:image:width\" content=\"2560\" \/>\n\t<meta property=\"og:image:height\" content=\"1707\" \/>\n\t<meta property=\"og:image:type\" content=\"image\/jpeg\" \/>\n<meta name=\"twitter:card\" content=\"summary_large_image\" \/>\n<meta name=\"twitter:label1\" content=\"Tempo di lettura stimato\" \/>\n\t<meta name=\"twitter:data1\" content=\"4 minuti\" \/>\n<script type=\"application\/ld+json\" class=\"yoast-schema-graph\">{\"@context\":\"https:\\\/\\\/schema.org\",\"@graph\":[{\"@type\":\"WebPage\",\"@id\":\"https:\\\/\\\/www.bostonlakecomo.it\\\/it\\\/termini-e-condizioni\\\/\",\"url\":\"https:\\\/\\\/www.bostonlakecomo.it\\\/it\\\/termini-e-condizioni\\\/\",\"name\":\"Termini e condizioni - Boston Lake Como\",\"isPartOf\":{\"@id\":\"https:\\\/\\\/www.bostonlakecomo.it\\\/it\\\/#website\"},\"datePublished\":\"2023-04-06T11:05:52+00:00\",\"dateModified\":\"2023-09-21T07:26:46+00:00\",\"description\":\"Visita il lago di Como scegliendo un tour sul nostro Boston Whaler. Scopri gli angoli nascosti e le meravigliose ville. Fino a 10 persone\",\"breadcrumb\":{\"@id\":\"https:\\\/\\\/www.bostonlakecomo.it\\\/it\\\/termini-e-condizioni\\\/#breadcrumb\"},\"inLanguage\":\"it-IT\",\"potentialAction\":[{\"@type\":\"ReadAction\",\"target\":[\"https:\\\/\\\/www.bostonlakecomo.it\\\/it\\\/termini-e-condizioni\\\/\"]}]},{\"@type\":\"BreadcrumbList\",\"@id\":\"https:\\\/\\\/www.bostonlakecomo.it\\\/it\\\/termini-e-condizioni\\\/#breadcrumb\",\"itemListElement\":[{\"@type\":\"ListItem\",\"position\":1,\"name\":\"Home\",\"item\":\"https:\\\/\\\/www.bostonlakecomo.it\\\/it\\\/\"},{\"@type\":\"ListItem\",\"position\":2,\"name\":\"Termini e condizioni\"}]},{\"@type\":\"WebSite\",\"@id\":\"https:\\\/\\\/www.bostonlakecomo.it\\\/it\\\/#website\",\"url\":\"https:\\\/\\\/www.bostonlakecomo.it\\\/it\\\/\",\"name\":\"Boston Lake Como - Rent a Boston Whaler on Lake Como\",\"description\":\"Rent a Boston Whaler on Lake Como\",\"publisher\":{\"@id\":\"https:\\\/\\\/www.bostonlakecomo.it\\\/it\\\/#organization\"},\"alternateName\":\"Boston Lake Como - Boat tour on Lake Como\",\"potentialAction\":[{\"@type\":\"SearchAction\",\"target\":{\"@type\":\"EntryPoint\",\"urlTemplate\":\"https:\\\/\\\/www.bostonlakecomo.it\\\/it\\\/?s={search_term_string}\"},\"query-input\":{\"@type\":\"PropertyValueSpecification\",\"valueRequired\":true,\"valueName\":\"search_term_string\"}}],\"inLanguage\":\"it-IT\"},{\"@type\":\"Organization\",\"@id\":\"https:\\\/\\\/www.bostonlakecomo.it\\\/it\\\/#organization\",\"name\":\"Boston Lake Como - Rent a Boston Whaler on Lake Como\",\"url\":\"https:\\\/\\\/www.bostonlakecomo.it\\\/it\\\/\",\"logo\":{\"@type\":\"ImageObject\",\"inLanguage\":\"it-IT\",\"@id\":\"https:\\\/\\\/www.bostonlakecomo.it\\\/it\\\/#\\\/schema\\\/logo\\\/image\\\/\",\"url\":\"https:\\\/\\\/www.bostonlakecomo.it\\\/wp-content\\\/uploads\\\/2023\\\/03\\\/cropped-BL_blue.jpg\",\"contentUrl\":\"https:\\\/\\\/www.bostonlakecomo.it\\\/wp-content\\\/uploads\\\/2023\\\/03\\\/cropped-BL_blue.jpg\",\"width\":512,\"height\":512,\"caption\":\"Boston Lake Como - Rent a Boston Whaler on Lake Como\"},\"image\":{\"@id\":\"https:\\\/\\\/www.bostonlakecomo.it\\\/it\\\/#\\\/schema\\\/logo\\\/image\\\/\"},\"sameAs\":[\"https:\\\/\\\/www.instagram.com\\\/bostonlakecomo\\\/\"]}]}<\/script>\n<!-- \/ Yoast SEO plugin. -->","yoast_head_json":{"title":"Termini e condizioni - Boston Lake Como","description":"Visita il lago di Como scegliendo un tour sul nostro Boston Whaler. Scopri gli angoli nascosti e le meravigliose ville. Fino a 10 persone","robots":{"index":"index","follow":"follow","max-snippet":"max-snippet:-1","max-image-preview":"max-image-preview:large","max-video-preview":"max-video-preview:-1"},"canonical":"https:\/\/www.bostonlakecomo.it\/it\/termini-e-condizioni\/","og_locale":"it_IT","og_type":"article","og_title":"Termini e condizioni - Boston Lake Como","og_description":"Visita il lago di Como scegliendo un tour sul nostro Boston Whaler. Scopri gli angoli nascosti e le meravigliose ville. Fino a 10 persone","og_url":"https:\/\/www.bostonlakecomo.it\/it\/termini-e-condizioni\/","og_site_name":"Boston Lake Como","article_modified_time":"2023-09-21T07:26:46+00:00","og_image":[{"width":2560,"height":1707,"url":"https:\/\/www.bostonlakecomo.it\/wp-content\/uploads\/2023\/03\/BARCA-CHARTER-GIO_01970-scaled.jpg","type":"image\/jpeg"}],"twitter_card":"summary_large_image","twitter_misc":{"Tempo di lettura stimato":"4 minuti"},"schema":{"@context":"https:\/\/schema.org","@graph":[{"@type":"WebPage","@id":"https:\/\/www.bostonlakecomo.it\/it\/termini-e-condizioni\/","url":"https:\/\/www.bostonlakecomo.it\/it\/termini-e-condizioni\/","name":"Termini e condizioni - Boston Lake Como","isPartOf":{"@id":"https:\/\/www.bostonlakecomo.it\/it\/#website"},"datePublished":"2023-04-06T11:05:52+00:00","dateModified":"2023-09-21T07:26:46+00:00","description":"Visita il lago di Como scegliendo un tour sul nostro Boston Whaler. Scopri gli angoli nascosti e le meravigliose ville. Fino a 10 persone","breadcrumb":{"@id":"https:\/\/www.bostonlakecomo.it\/it\/termini-e-condizioni\/#breadcrumb"},"inLanguage":"it-IT","potentialAction":[{"@type":"ReadAction","target":["https:\/\/www.bostonlakecomo.it\/it\/termini-e-condizioni\/"]}]},{"@type":"BreadcrumbList","@id":"https:\/\/www.bostonlakecomo.it\/it\/termini-e-condizioni\/#breadcrumb","itemListElement":[{"@type":"ListItem","position":1,"name":"Home","item":"https:\/\/www.bostonlakecomo.it\/it\/"},{"@type":"ListItem","position":2,"name":"Termini e condizioni"}]},{"@type":"WebSite","@id":"https:\/\/www.bostonlakecomo.it\/it\/#website","url":"https:\/\/www.bostonlakecomo.it\/it\/","name":"Boston Lake Como - Rent a Boston Whaler on Lake Como","description":"Rent a Boston Whaler on Lake Como","publisher":{"@id":"https:\/\/www.bostonlakecomo.it\/it\/#organization"},"alternateName":"Boston Lake Como - Boat tour on Lake Como","potentialAction":[{"@type":"SearchAction","target":{"@type":"EntryPoint","urlTemplate":"https:\/\/www.bostonlakecomo.it\/it\/?s={search_term_string}"},"query-input":{"@type":"PropertyValueSpecification","valueRequired":true,"valueName":"search_term_string"}}],"inLanguage":"it-IT"},{"@type":"Organization","@id":"https:\/\/www.bostonlakecomo.it\/it\/#organization","name":"Boston Lake Como - Rent a Boston Whaler on Lake Como","url":"https:\/\/www.bostonlakecomo.it\/it\/","logo":{"@type":"ImageObject","inLanguage":"it-IT","@id":"https:\/\/www.bostonlakecomo.it\/it\/#\/schema\/logo\/image\/","url":"https:\/\/www.bostonlakecomo.it\/wp-content\/uploads\/2023\/03\/cropped-BL_blue.jpg","contentUrl":"https:\/\/www.bostonlakecomo.it\/wp-content\/uploads\/2023\/03\/cropped-BL_blue.jpg","width":512,"height":512,"caption":"Boston Lake Como - Rent a Boston Whaler on Lake Como"},"image":{"@id":"https:\/\/www.bostonlakecomo.it\/it\/#\/schema\/logo\/image\/"},"sameAs":["https:\/\/www.instagram.com\/bostonlakecomo\/"]}]}},"_links":{"self":[{"href":"https:\/\/www.bostonlakecomo.it\/it\/wp-json\/wp\/v2\/pages\/3394","targetHints":{"allow":["GET"]}}],"collection":[{"href":"https:\/\/www.bostonlakecomo.it\/it\/wp-json\/wp\/v2\/pages"}],"about":[{"href":"https:\/\/www.bostonlakecomo.it\/it\/wp-json\/wp\/v2\/types\/page"}],"author":[{"embeddable":true,"href":"https:\/\/www.bostonlakecomo.it\/it\/wp-json\/wp\/v2\/users\/2"}],"replies":[{"embeddable":true,"href":"https:\/\/www.bostonlakecomo.it\/it\/wp-json\/wp\/v2\/comments?post=3394"}],"version-history":[{"count":17,"href":"https:\/\/www.bostonlakecomo.it\/it\/wp-json\/wp\/v2\/pages\/3394\/revisions"}],"predecessor-version":[{"id":4244,"href":"https:\/\/www.bostonlakecomo.it\/it\/wp-json\/wp\/v2\/pages\/3394\/revisions\/4244"}],"wp:attachment":[{"href":"https:\/\/www.bostonlakecomo.it\/it\/wp-json\/wp\/v2\/media?parent=3394"}],"curies":[{"name":"wp","href":"https:\/\/api.w.org\/{rel}","templated":true}]}}